{"id":36,"date":"2019-09-16T22:59:07","date_gmt":"2019-09-16T21:59:07","guid":{"rendered":"http:\/\/wordpress.penguin.aa\/?page_id=36"},"modified":"2024-08-30T11:55:07","modified_gmt":"2024-08-30T10:55:07","slug":"imprint","status":"publish","type":"page","link":"https:\/\/www.spaceparasites.de\/en\/imprint\/","title":{"rendered":"Impressum"},"content":{"rendered":"\n<p>Space Parasites Fan-Contact<br>Nadine Beise<br>Dorfstr. 10<br>17309 Jatznik<\/p>\n\n\n\n<p>Inhaltlich Verantwortlicher gem\u00e4\u00df \u00a7 10 Absatz 3 MDStV: Nadine Beise<\/p>\n\n\n\n<h3 class=\"wp-block-heading\">Haftungsausschluss<\/h3>\n\n\n\n<ol class=\"wp-block-list\">\n<li>Inhalt des Onlineangebots<br>\n        F\u00fcr die Korrektheit, Vollst\u00e4ndigkeit, Qualit\u00e4t oder Aktualit\u00e4t der bereitgestellten \n        Informationen \u00fcbernimmt der Autor keinerlei Gew\u00e4hr. Es ist grunds\u00e4tzlich ausgeschlossen \n        Haftungsanspr\u00fcche gegen den Autor, welche sich auf Sch\u00e4den materieller oder ideeller \n        Art beziehen, die durch die Nutzung oder Nichtnutzung der angebotenen Informationen \n        bzw. durch die Nutzung unvollst\u00e4ndiger und fehlerhafter Informationen verursacht wurden, \n        geltend zu machen. Alle Angebote sind freibleibend und unverbindlich. Der Autor beh\u00e4lt \n        sich ausdr\u00fccklich vor das komplette Angebot ohne gesonderte Ank\u00fcndigung zu ver\u00e4ndern, zu \n        erg\u00e4nzen, zu l\u00f6schen oder die bereitgestellten Informationen zeitweise oder endg\u00fcltig \n        einzustellen.<\/li>\n\n\n\n<li>Verweise und Links<br>\n        Trotz sorgf\u00e4ltiger inhaltlicher Kontrolle \u00fcbernimmt der Autor keinerlei Haftung f\u00fcr die \n        Inhalte der direkten oder indirekten Verweise fremder Internetseiten  (&#8220;Links&#8221;). F\u00fcr den \n        Inhalt der verlinkten Sites sind ausschlie\u00dflich deren Betreiber verantwortlich. Der Autor \n        hat keinen Einfluss auf die Gestaltung und die Inhalte der verlinkten Sites und distanziert \n        sich hiermit ausdr\u00fccklich von allen Inhalten aller verlinkten Sites.<\/li>\n\n\n\n<li>Urheber- und Kennzeichenrecht<br>\n        In allen Publikationen ist der Autor bestrebt die Urheberrechte der verwendeten Grafiken,\n        T\u00f6ne und Texte zu beachten, von ihm pers\u00f6nlich erstellte Grafiken, T\u00f6ne und Texte zu \n        nutzen oder auf lizenzfreie Produkte zur\u00fcckzugreifen. Sollte sich auf den jeweiligen \n        Seiten dennoch eine ungekennzeichnete, aber durch fremdes Copyright gesch\u00fctzte Grafik, \n        ein Sound oder Text befinden, so konnte das Copyright vom Autor nicht festgestellt werden. \n        Sollte eine derartige unbeabsichtigten Copyrightverletzung vorliegen, wird der Autor das \n        entsprechende Objekt nach Benachrichtigung aus seiner Publikation entfernen bzw. mit dem \n        entsprechenden Copyright kenntlich machen.<\/li>\n\n\n\n<li>Datenschutz<br>\n        Werden innerhalb des Internetangebotes personen- oder gesch\u00e4ftsbezogene Daten \u00fcbersandt, \n        werden diese Daten seitens des Nutzers ausdr\u00fccklich auf freiwilliger Basis bereitgestellt. \n        Diese Daten werden ausschlie\u00dflich f\u00fcr interne Zwecke und entsprechend den Bestimmungen des \n        Bundesdatenschutzgesetzes (BDSG) gespeichert und keinesfalls ohne Zustimmung an Dritte \n        weitergegeben.<\/li>\n\n\n\n<li>Rechtswirksamkeit dieses Haftungsausschlusses<br>\n        Dieser Haftungsausschluss ist als Teil des Internetangebotes, \nvon dem aus auf diese Seite \n        verwiesen wurde. Sollten Teile oder einzelne Formulierungen \ndieses Textes der geltenden \n        Rechtslage nicht, nicht mehr oder nicht vollst\u00e4ndig entsprechen,\n bleiben die \u00fcbrigen Teile des Dokumentes in ihrem Inhalt und ihrer \nG\u00fcltigkeit davon unber\u00fchrt. <\/li>\n<\/ol>\n","protected":false},"excerpt":{"rendered":"<p>Space Parasites Fan-ContactNadine BeiseDorfstr. 1017309 Jatznik Inhaltlich Verantwortlicher gem\u00e4\u00df \u00a7 10 Absatz 3 MDStV: Nadine Beise Haftungsausschluss<\/p>\n","protected":false},"author":1,"featured_media":0,"parent":0,"menu_order":0,"comment_status":"closed","ping_status":"closed","template":"","meta":{"neve_meta_sidebar":"","neve_meta_container":"","neve_meta_enable_content_width":"","neve_meta_content_width":70,"neve_meta_title_alignment":"","neve_meta_author_avatar":"","neve_post_elements_order":"","neve_meta_disable_header":"","neve_meta_disable_footer":"","neve_meta_disable_title":"","ngg_post_thumbnail":0,"_themeisle_gutenberg_block_has_review":false,"footnotes":""},"class_list":["post-36","page","type-page","status-publish","hentry"],"_links":{"self":[{"href":"https:\/\/www.spaceparasites.de\/en\/wp-json\/wp\/v2\/pages\/36","targetHints":{"allow":["GET"]}}],"collection":[{"href":"https:\/\/www.spaceparasites.de\/en\/wp-json\/wp\/v2\/pages"}],"about":[{"href":"https:\/\/www.spaceparasites.de\/en\/wp-json\/wp\/v2\/types\/page"}],"author":[{"embeddable":true,"href":"https:\/\/www.spaceparasites.de\/en\/wp-json\/wp\/v2\/users\/1"}],"replies":[{"embeddable":true,"href":"https:\/\/www.spaceparasites.de\/en\/wp-json\/wp\/v2\/comments?post=36"}],"version-history":[{"count":13,"href":"https:\/\/www.spaceparasites.de\/en\/wp-json\/wp\/v2\/pages\/36\/revisions"}],"predecessor-version":[{"id":1172,"href":"https:\/\/www.spaceparasites.de\/en\/wp-json\/wp\/v2\/pages\/36\/revisions\/1172"}],"wp:attachment":[{"href":"https:\/\/www.spaceparasites.de\/en\/wp-json\/wp\/v2\/media?parent=36"}],"curies":[{"name":"wp","href":"https:\/\/api.w.org\/{rel}","templated":true}]}}